{"id":55,"date":"2024-10-24T21:22:17","date_gmt":"2024-10-24T21:22:17","guid":{"rendered":"https:\/\/italiafloristeria.com\/?page_id=55"},"modified":"2024-11-01T20:16:44","modified_gmt":"2024-11-01T20:16:44","slug":"tienda","status":"publish","type":"page","link":"https:\/\/italiafloristeria.com\/index.php\/tienda\/","title":{"rendered":"Tienda"},"content":{"rendered":"\t\t<div data-elementor-type=\"wp-page\" data-elementor-id=\"55\" class=\"elementor elementor-55\">\n\t\t\t\t<div class=\"elementor-element elementor-element-3de1fd8 e-flex e-con-boxed wpr-particle-no wpr-jarallax-no wpr-parallax-no wpr-sticky-section-no e-con e-parent\" data-id=\"3de1fd8\" data-element_type=\"container\" data-settings=\"{&quot;background_background&quot;:&quot;classic&quot;}\">\n\t\t\t\t\t<div class=\"e-con-inner\">\n\t\t\t\t<div class=\"elementor-element elementor-element-2496f46 elementor-widget elementor-widget-heading\" data-id=\"2496f46\" data-element_type=\"widget\" data-widget_type=\"heading.default\">\n\t\t\t\t<div class=\"elementor-widget-container\">\n\t\t\t<h2 class=\"elementor-heading-title elementor-size-default\">Tienda<\/h2>\t\t<\/div>\n\t\t\t\t<\/div>\n\t\t\t\t\t<\/div>\n\t\t\t\t<\/div>\n\t\t<div class=\"elementor-element elementor-element-27e3ea7 e-con-full e-flex wpr-particle-no wpr-jarallax-no wpr-parallax-no wpr-sticky-section-no e-con e-parent\" data-id=\"27e3ea7\" data-element_type=\"container\" data-settings=\"{&quot;background_background&quot;:&quot;classic&quot;}\">\n\t\t<div class=\"elementor-element elementor-element-2a6376e e-con-full e-flex wpr-particle-no wpr-jarallax-no wpr-parallax-no wpr-sticky-section-no e-con e-child\" data-id=\"2a6376e\" data-element_type=\"container\">\n\t\t\t\t<div class=\"elementor-element elementor-element-ba2ebd3 elementor-widget elementor-widget-shortcode\" data-id=\"ba2ebd3\" data-element_type=\"widget\" data-widget_type=\"shortcode.default\">\n\t\t\t\t<div class=\"elementor-widget-container\">\n\t\t\t\t\t<div class=\"elementor-shortcode\"><div  class=\"dgwt-wcas-search-wrapp dgwt-wcas-has-submit woocommerce dgwt-wcas-style-pirx js-dgwt-wcas-layout-classic dgwt-wcas-layout-classic js-dgwt-wcas-mobile-overlay-enabled dgwt-wcas-search-darkoverl-mounted js-dgwt-wcas-search-darkoverl-mounted\">\n\t\t<form class=\"dgwt-wcas-search-form\" role=\"search\" action=\"https:\/\/italiafloristeria.com\/\" method=\"get\">\n\t\t<div class=\"dgwt-wcas-sf-wrapp\">\n\t\t\t\t\t\t<label class=\"screen-reader-text\"\n\t\t\t\t   for=\"dgwt-wcas-search-input-1\">B\u00fasqueda de productos<\/label>\n\n\t\t\t<input id=\"dgwt-wcas-search-input-1\"\n\t\t\t\t   type=\"search\"\n\t\t\t\t   class=\"dgwt-wcas-search-input\"\n\t\t\t\t   name=\"s\"\n\t\t\t\t   value=\"\"\n\t\t\t\t   placeholder=\"Arreglos florales\"\n\t\t\t\t   autocomplete=\"off\"\n\t\t\t\t\t\t\t\/>\n\t\t\t<div class=\"dgwt-wcas-preloader\"><\/div>\n\n\t\t\t<div class=\"dgwt-wcas-voice-search\"><\/div>\n\n\t\t\t\t\t\t\t<button type=\"submit\"\n\t\t\t\t\t\taria-label=\"Buscar\"\n\t\t\t\t\t\tclass=\"dgwt-wcas-search-submit\">\t\t\t\t<svg class=\"dgwt-wcas-ico-magnifier\" xmlns=\"http:\/\/www.w3.org\/2000\/svg\" width=\"18\" height=\"18\" viewBox=\"0 0 18 18\">\n\t\t\t\t\t<path  d=\" M 16.722523,17.901412 C 16.572585,17.825208 15.36088,16.670476 14.029846,15.33534 L 11.609782,12.907819 11.01926,13.29667 C 8.7613237,14.783493 5.6172703,14.768302 3.332423,13.259528 -0.07366363,11.010358 -1.0146502,6.5989684 1.1898146,3.2148776\n\t\t\t\t\t\t  1.5505179,2.6611594 2.4056498,1.7447266 2.9644271,1.3130497 3.4423015,0.94387379 4.3921825,0.48568469 5.1732652,0.2475835 5.886299,0.03022609 6.1341883,0 7.2037391,0 8.2732897,0 8.521179,0.03022609 9.234213,0.2475835 c 0.781083,0.23810119 1.730962,0.69629029 2.208837,1.0654662\n\t\t\t\t\t\t  0.532501,0.4113763 1.39922,1.3400096 1.760153,1.8858877 1.520655,2.2998531 1.599025,5.3023778 0.199549,7.6451086 -0.208076,0.348322 -0.393306,0.668209 -0.411622,0.710863 -0.01831,0.04265 1.065556,1.18264 2.408603,2.533307 1.343046,1.350666 2.486621,2.574792 2.541278,2.720279 0.282475,0.7519\n\t\t\t\t\t\t  -0.503089,1.456506 -1.218488,1.092917 z M 8.4027892,12.475062 C 9.434946,12.25579 10.131043,11.855461 10.99416,10.984753 11.554519,10.419467 11.842507,10.042366 12.062078,9.5863882 12.794223,8.0659672 12.793657,6.2652398 12.060578,4.756293 11.680383,3.9737304 10.453587,2.7178427\n\t\t\t\t\t\t  9.730569,2.3710306 8.6921295,1.8729196 8.3992147,1.807606 7.2037567,1.807606 6.0082984,1.807606 5.7153841,1.87292 4.6769446,2.3710306 3.9539263,2.7178427 2.7271301,3.9737304 2.3469352,4.756293 1.6138384,6.2652398 1.6132726,8.0659672 2.3454252,9.5863882 c 0.4167354,0.8654208 1.5978784,2.0575608\n\t\t\t\t\t\t  2.4443766,2.4671358 1.0971012,0.530827 2.3890403,0.681561 3.6130134,0.421538 z\n\t\t\t\t\t\"\/>\n\t\t\t\t<\/svg>\n\t\t\t\t<\/button>\n\t\t\t\n\t\t\t<input type=\"hidden\" name=\"post_type\" value=\"product\"\/>\n\t\t\t<input type=\"hidden\" name=\"dgwt_wcas\" value=\"1\"\/>\n\n\t\t\t\n\t\t\t\t\t<\/div>\n\t<\/form>\n<\/div>\n<\/div>\n\t\t\t\t<\/div>\n\t\t\t\t<\/div>\n\t\t\t\t<\/div>\n\t\t\t\t<div class=\"elementor-element elementor-element-def84e0 elementor-widget__width-initial premium-woo-product-align-center premium-qv-hidden-yes elementor-widget elementor-widget-premium-woo-products\" data-id=\"def84e0\" data-element_type=\"widget\" data-widget_type=\"premium-woo-products.grid-1\">\n\t\t\t\t<div class=\"elementor-widget-container\">\n\t\t\t<div class=\"premium-woocommerce premium-woo-products-grid premium-woo-skin-grid-1 premium-woo-query-all\" data-page-id=\"55\" data-skin=\"grid_1\" data-quick-view=\"yes\"><div class=\"premium-woo-products-inner premium-woo-product__hover-swap\"><ul class=\"products columns-3\">\n\n<li class=\" post-598 product first instock sale shipping-taxable purchasable product-type-simple\">\n\t<div class=\"premium-woo-product-wrapper\">\n\t\t<div class=\"premium-woo-product-thumbnail\"><div class=\"premium-woo-ribbon-container\"><\/div><a href=\"https:\/\/italiafloristeria.com\/index.php\/producto\/arreglo-en-base-de-madera-con-rosas\/\" class=\"woocommerce-LoopProduct-link woocommerce-loop-product__link\"><img decoding=\"async\" src=\"https:\/\/italiafloristeria.com\/wp-content\/uploads\/2024\/10\/Arreglo-en-Base-de-Madera-con-Rosas-300x300-1.jpeg\" alt=\"\"><\/a><div class=\"premium-woo-qv-btn premium-woo-qv-btn-translate\" data-product-id=\"598\">Vista r\u00e1pida<i class=\"premium-woo-qv-icon fa fa-eye\"><\/i><\/div><\/div><div class=\"premium-woo-products-details-wrap\"><a href=\"https:\/\/italiafloristeria.com\/index.php\/producto\/arreglo-en-base-de-madera-con-rosas\/\" class=\"premium-woo-product__link\"><h2 class=\"woocommerce-loop-product__title\">Arreglo en Base de Madera con Rosas<\/h2><\/a>\t\t\t<span class=\"premium-woo-product-category\">\r\n\t\t\t\tCumplea\u00f1os\t\t\t<\/span>\r\n\t\t\t\n\t<span class=\"price\"><del aria-hidden=\"true\"><span class=\"woocommerce-Price-amount amount\"><bdi><span class=\"woocommerce-Price-currencySymbol\">&#36;<\/span>560<\/bdi><\/span><\/del> <span class=\"screen-reader-text\">El precio original era: &#036;560.<\/span><ins aria-hidden=\"true\"><span class=\"woocommerce-Price-amount amount\"><bdi><span class=\"woocommerce-Price-currencySymbol\">&#36;<\/span>500<\/bdi><\/span><\/ins><span class=\"screen-reader-text\">El precio actual es: &#036;500.<\/span><\/span>\n<div class=\"premium-woo-atc-button\" ><a href=\"?add-to-cart=598\" aria-describedby=\"woocommerce_loop_add_to_cart_link_describedby_598\" data-quantity=\"1\" class=\"button product_type_simple add_to_cart_button ajax_add_to_cart\" data-product_id=\"598\" data-product_sku=\"\" aria-label=\"A\u00f1adir al carrito: &ldquo;Arreglo en Base de Madera con Rosas&rdquo;\" rel=\"nofollow\" data-success_message=\"\u00abArreglo en Base de Madera con Rosas\u00bb se ha a\u00f1adido a tu carrito\">A\u00f1adir al carrito<\/a>\t<span id=\"woocommerce_loop_add_to_cart_link_describedby_598\" class=\"screen-reader-text\">\n\t\t\t<\/span>\n<\/div><\/div>\t<\/div>\n<\/li>\n\n<li class=\" post-596 product  instock sale shipping-taxable purchasable product-type-simple\">\n\t<div class=\"premium-woo-product-wrapper\">\n\t\t<div class=\"premium-woo-product-thumbnail\"><div class=\"premium-woo-ribbon-container\"><\/div><a href=\"https:\/\/italiafloristeria.com\/index.php\/producto\/arreglo-de-rosas-confet\/\" class=\"woocommerce-LoopProduct-link woocommerce-loop-product__link\"><img decoding=\"async\" src=\"https:\/\/italiafloristeria.com\/wp-content\/uploads\/2024\/10\/Arreglo-de-Rosas-Confeti-300x300-1.jpeg\" alt=\"\"><\/a><div class=\"premium-woo-qv-btn premium-woo-qv-btn-translate\" data-product-id=\"596\">Vista r\u00e1pida<i class=\"premium-woo-qv-icon fa fa-eye\"><\/i><\/div><\/div><div class=\"premium-woo-products-details-wrap\"><a href=\"https:\/\/italiafloristeria.com\/index.php\/producto\/arreglo-de-rosas-confet\/\" class=\"premium-woo-product__link\"><h2 class=\"woocommerce-loop-product__title\">Arreglo De Rosas Confet<\/h2><\/a>\t\t\t<span class=\"premium-woo-product-category\">\r\n\t\t\t\tCumplea\u00f1os\t\t\t<\/span>\r\n\t\t\t\n\t<span class=\"price\"><del aria-hidden=\"true\"><span class=\"woocommerce-Price-amount amount\"><bdi><span class=\"woocommerce-Price-currencySymbol\">&#36;<\/span>700<\/bdi><\/span><\/del> <span class=\"screen-reader-text\">El precio original era: &#036;700.<\/span><ins aria-hidden=\"true\"><span class=\"woocommerce-Price-amount amount\"><bdi><span class=\"woocommerce-Price-currencySymbol\">&#36;<\/span>650<\/bdi><\/span><\/ins><span class=\"screen-reader-text\">El precio actual es: &#036;650.<\/span><\/span>\n<div class=\"premium-woo-atc-button\" ><a href=\"?add-to-cart=596\" aria-describedby=\"woocommerce_loop_add_to_cart_link_describedby_596\" data-quantity=\"1\" class=\"button product_type_simple add_to_cart_button ajax_add_to_cart\" data-product_id=\"596\" data-product_sku=\"\" aria-label=\"A\u00f1adir al carrito: &ldquo;Arreglo De Rosas Confet&rdquo;\" rel=\"nofollow\" data-success_message=\"\u00abArreglo De Rosas Confet\u00bb se ha a\u00f1adido a tu carrito\">A\u00f1adir al carrito<\/a>\t<span id=\"woocommerce_loop_add_to_cart_link_describedby_596\" class=\"screen-reader-text\">\n\t\t\t<\/span>\n<\/div><\/div>\t<\/div>\n<\/li>\n\n<li class=\" post-593 product last instock sale shipping-taxable purchasable product-type-simple\">\n\t<div class=\"premium-woo-product-wrapper\">\n\t\t<div class=\"premium-woo-product-thumbnail\"><div class=\"premium-woo-ribbon-container\"><\/div><a href=\"https:\/\/italiafloristeria.com\/index.php\/producto\/arreglo-compacto-en-tonos-amarillo-pastel\/\" class=\"woocommerce-LoopProduct-link woocommerce-loop-product__link\"><img decoding=\"async\" src=\"https:\/\/italiafloristeria.com\/wp-content\/uploads\/2024\/10\/Canasta-Cuadrada-Con-Flores-Primaverales-300x300-1.jpg\" alt=\"\"><\/a><div class=\"premium-woo-qv-btn premium-woo-qv-btn-translate\" data-product-id=\"593\">Vista r\u00e1pida<i class=\"premium-woo-qv-icon fa fa-eye\"><\/i><\/div><\/div><div class=\"premium-woo-products-details-wrap\"><a href=\"https:\/\/italiafloristeria.com\/index.php\/producto\/arreglo-compacto-en-tonos-amarillo-pastel\/\" class=\"premium-woo-product__link\"><h2 class=\"woocommerce-loop-product__title\">Arreglo Compacto En Tonos Amarillo Pastel<\/h2><\/a>\t\t\t<span class=\"premium-woo-product-category\">\r\n\t\t\t\tCumplea\u00f1os\t\t\t<\/span>\r\n\t\t\t\n\t<span class=\"price\"><del aria-hidden=\"true\"><span class=\"woocommerce-Price-amount amount\"><bdi><span class=\"woocommerce-Price-currencySymbol\">&#36;<\/span>804<\/bdi><\/span><\/del> <span class=\"screen-reader-text\">El precio original era: &#036;804.<\/span><ins aria-hidden=\"true\"><span class=\"woocommerce-Price-amount amount\"><bdi><span class=\"woocommerce-Price-currencySymbol\">&#36;<\/span>750<\/bdi><\/span><\/ins><span class=\"screen-reader-text\">El precio actual es: &#036;750.<\/span><\/span>\n<div class=\"premium-woo-atc-button\" ><a href=\"?add-to-cart=593\" aria-describedby=\"woocommerce_loop_add_to_cart_link_describedby_593\" data-quantity=\"1\" class=\"button product_type_simple add_to_cart_button ajax_add_to_cart\" data-product_id=\"593\" data-product_sku=\"\" aria-label=\"A\u00f1adir al carrito: &ldquo;Arreglo Compacto En Tonos Amarillo Pastel&rdquo;\" rel=\"nofollow\" data-success_message=\"\u00abArreglo Compacto En Tonos Amarillo Pastel\u00bb se ha a\u00f1adido a tu carrito\">A\u00f1adir al carrito<\/a>\t<span id=\"woocommerce_loop_add_to_cart_link_describedby_593\" class=\"screen-reader-text\">\n\t\t\t<\/span>\n<\/div><\/div>\t<\/div>\n<\/li>\n\n<li class=\" post-591 product first instock shipping-taxable purchasable product-type-variable\">\n\t<div class=\"premium-woo-product-wrapper\">\n\t\t<div class=\"premium-woo-product-thumbnail\"><a href=\"https:\/\/italiafloristeria.com\/index.php\/producto\/arreglo-lineal-de-condolencias\/\" class=\"woocommerce-LoopProduct-link woocommerce-loop-product__link\"><img decoding=\"async\" src=\"https:\/\/italiafloristeria.com\/wp-content\/uploads\/2024\/10\/Arreglo-de-Condolencias-Base-de-Madera-300x300-1.jpeg\" alt=\"\"><\/a><div class=\"premium-woo-qv-btn premium-woo-qv-btn-translate\" data-product-id=\"591\">Vista r\u00e1pida<i class=\"premium-woo-qv-icon fa fa-eye\"><\/i><\/div><\/div><div class=\"premium-woo-products-details-wrap\"><a href=\"https:\/\/italiafloristeria.com\/index.php\/producto\/arreglo-lineal-de-condolencias\/\" class=\"premium-woo-product__link\"><h2 class=\"woocommerce-loop-product__title\">Arreglo Lineal De Condolencias<\/h2><\/a>\t\t\t<span class=\"premium-woo-product-category\">\r\n\t\t\t\tCondolencias\t\t\t<\/span>\r\n\t\t\t\n<div class=\"premium-woo-atc-button\" ><a href=\"https:\/\/italiafloristeria.com\/index.php\/producto\/arreglo-lineal-de-condolencias\/\" aria-describedby=\"woocommerce_loop_add_to_cart_link_describedby_591\" data-quantity=\"1\" class=\"button product_type_variable add_to_cart_button\" data-product_id=\"591\" data-product_sku=\"\" aria-label=\"Elige las opciones para &ldquo;Arreglo Lineal De Condolencias&rdquo;\" rel=\"nofollow\">Seleccionar opciones<\/a>\t<span id=\"woocommerce_loop_add_to_cart_link_describedby_591\" class=\"screen-reader-text\">\n\t\tEste producto tiene m\u00faltiples variantes. Las opciones se pueden elegir en la p\u00e1gina de producto\t<\/span>\n<\/div><\/div>\t<\/div>\n<\/li>\n\n<li class=\" post-589 product  instock sale shipping-taxable purchasable product-type-simple\">\n\t<div class=\"premium-woo-product-wrapper\">\n\t\t<div class=\"premium-woo-product-thumbnail\"><div class=\"premium-woo-ribbon-container\"><\/div><a href=\"https:\/\/italiafloristeria.com\/index.php\/producto\/arreglo-escalonado-de-rosa-y-cala\/\" class=\"woocommerce-LoopProduct-link woocommerce-loop-product__link\"><img decoding=\"async\" src=\"https:\/\/italiafloristeria.com\/wp-content\/uploads\/2024\/10\/Arreglo-Escalonado-De-Rosa-Y-Cala-300x300-1.jpg\" alt=\"\"><\/a><div class=\"premium-woo-qv-btn premium-woo-qv-btn-translate\" data-product-id=\"589\">Vista r\u00e1pida<i class=\"premium-woo-qv-icon fa fa-eye\"><\/i><\/div><\/div><div class=\"premium-woo-products-details-wrap\"><a href=\"https:\/\/italiafloristeria.com\/index.php\/producto\/arreglo-escalonado-de-rosa-y-cala\/\" class=\"premium-woo-product__link\"><h2 class=\"woocommerce-loop-product__title\">Arreglo Escalonado De Rosa Y Cala<\/h2><\/a>\t\t\t<span class=\"premium-woo-product-category\">\r\n\t\t\t\tCondolencias\t\t\t<\/span>\r\n\t\t\t\n\t<span class=\"price\"><del aria-hidden=\"true\"><span class=\"woocommerce-Price-amount amount\"><bdi><span class=\"woocommerce-Price-currencySymbol\">&#36;<\/span>1.300<\/bdi><\/span><\/del> <span class=\"screen-reader-text\">El precio original era: &#036;1.300.<\/span><ins aria-hidden=\"true\"><span class=\"woocommerce-Price-amount amount\"><bdi><span class=\"woocommerce-Price-currencySymbol\">&#36;<\/span>1.200<\/bdi><\/span><\/ins><span class=\"screen-reader-text\">El precio actual es: &#036;1.200.<\/span><\/span>\n<div class=\"premium-woo-atc-button\" ><a href=\"?add-to-cart=589\" aria-describedby=\"woocommerce_loop_add_to_cart_link_describedby_589\" data-quantity=\"1\" class=\"button product_type_simple add_to_cart_button ajax_add_to_cart\" data-product_id=\"589\" data-product_sku=\"\" aria-label=\"A\u00f1adir al carrito: &ldquo;Arreglo Escalonado De Rosa Y Cala&rdquo;\" rel=\"nofollow\" data-success_message=\"\u00abArreglo Escalonado De Rosa Y Cala\u00bb se ha a\u00f1adido a tu carrito\">A\u00f1adir al carrito<\/a>\t<span id=\"woocommerce_loop_add_to_cart_link_describedby_589\" class=\"screen-reader-text\">\n\t\t\t<\/span>\n<\/div><\/div>\t<\/div>\n<\/li>\n\n<li class=\" post-587 product last instock sale shipping-taxable purchasable product-type-simple\">\n\t<div class=\"premium-woo-product-wrapper\">\n\t\t<div class=\"premium-woo-product-thumbnail\"><div class=\"premium-woo-ribbon-container\"><\/div><a href=\"https:\/\/italiafloristeria.com\/index.php\/producto\/arreglo-de-condolencias-en-base-de-vidrio-con-lirios-blancos\/\" class=\"woocommerce-LoopProduct-link woocommerce-loop-product__link\"><img decoding=\"async\" src=\"https:\/\/italiafloristeria.com\/wp-content\/uploads\/2024\/10\/Arreglo-de-Condolencias-en-Base-de-Vidrio-con-Lirios-Blancos-300x300-1.jpeg\" alt=\"\"><\/a><div class=\"premium-woo-qv-btn premium-woo-qv-btn-translate\" data-product-id=\"587\">Vista r\u00e1pida<i class=\"premium-woo-qv-icon fa fa-eye\"><\/i><\/div><\/div><div class=\"premium-woo-products-details-wrap\"><a href=\"https:\/\/italiafloristeria.com\/index.php\/producto\/arreglo-de-condolencias-en-base-de-vidrio-con-lirios-blancos\/\" class=\"premium-woo-product__link\"><h2 class=\"woocommerce-loop-product__title\">Arreglo De Condolencias En Base De Vidrio Con Lirios Blancos<\/h2><\/a>\t\t\t<span class=\"premium-woo-product-category\">\r\n\t\t\t\tCondolencias\t\t\t<\/span>\r\n\t\t\t\n\t<span class=\"price\"><del aria-hidden=\"true\"><span class=\"woocommerce-Price-amount amount\"><bdi><span class=\"woocommerce-Price-currencySymbol\">&#36;<\/span>1.500<\/bdi><\/span><\/del> <span class=\"screen-reader-text\">El precio original era: &#036;1.500.<\/span><ins aria-hidden=\"true\"><span class=\"woocommerce-Price-amount amount\"><bdi><span class=\"woocommerce-Price-currencySymbol\">&#36;<\/span>1.450<\/bdi><\/span><\/ins><span class=\"screen-reader-text\">El precio actual es: &#036;1.450.<\/span><\/span>\n<div class=\"premium-woo-atc-button\" ><a href=\"?add-to-cart=587\" aria-describedby=\"woocommerce_loop_add_to_cart_link_describedby_587\" data-quantity=\"1\" class=\"button product_type_simple add_to_cart_button ajax_add_to_cart\" data-product_id=\"587\" data-product_sku=\"\" aria-label=\"A\u00f1adir al carrito: &ldquo;Arreglo De Condolencias En Base De Vidrio Con Lirios Blancos&rdquo;\" rel=\"nofollow\" data-success_message=\"\u00abArreglo De Condolencias En Base De Vidrio Con Lirios Blancos\u00bb se ha a\u00f1adido a tu carrito\">A\u00f1adir al carrito<\/a>\t<span id=\"woocommerce_loop_add_to_cart_link_describedby_587\" class=\"screen-reader-text\">\n\t\t\t<\/span>\n<\/div><\/div>\t<\/div>\n<\/li>\n<\/ul>\n\t\t\t<div class=\"premium-woo-load-more\">\n\t\t\t\t<button class=\"premium-woo-load-more-btn\" data-products=\"9\" data-order=\"date ID\" data-tax=\"\">\n\t\t\t\t\t<span>Cargar m\u00e1s<\/span>\n\t\t\t\t\t<span class=\"premium-woo-products-num\">(9)<\/span>\n\t\t\t\t<\/button>\n\t\t\t<\/div>\n\t\t<\/div><\/div><div id=\"premium-woo-quick-view-def84e0\" class=\"premium-woo-quick-view-def84e0\">\r\n\t<div class=\"premium-woo-quick-view-back\">\r\n\t\t<div class=\"premium-woo-quick-view-loader\"><\/div>\r\n\t<\/div>\r\n\t<div id=\"premium-woo-quick-view-modal\">\r\n\t\t<div class=\"premium-woo-content-main-wrapper\"><!--\r\n\t\t--><div class=\"premium-woo-content-main\">\r\n\t\t\t\t<div class=\"premium-woo-lightbox-content\">\r\n\r\n\t\t\t\t\t<a href=\"#\" class=\"premium-woo-quick-view-close fa fa-close\"><\/a>\r\n\r\n\t\t\t\t\t<div id=\"premium-woo-quick-view-content\" class=\"woocommerce single-product\"><\/div>\r\n\t\t\t\t<\/div>\r\n\t\t\t<\/div>\r\n\t\t<\/div>\r\n\t<\/div>\r\n<\/div>\r\n\t\t<\/div>\n\t\t\t\t<\/div>\n\t\t\t\t<\/div>\n\t\t\t\t<\/div>\n\t\t","protected":false},"excerpt":{"rendered":"<p>Tienda Categorias Vista r\u00e1pida Arreglo en Base de Madera con Rosas Cumplea\u00f1os &#36;560 El precio original era: &#036;560.&#36;500El precio actual es: &#036;500. A\u00f1adir al carrito Vista r\u00e1pida Arreglo De Rosas Confet Cumplea\u00f1os &#36;700 El precio original era: &#036;700.&#36;650El precio actual es: &#036;650. A\u00f1adir al carrito Vista r\u00e1pida Arreglo Compacto En Tonos Amarillo Pastel Cumplea\u00f1os &#36;804 El precio original era: &#036;804.&#36;750El precio actual es: &#036;750. A\u00f1adir al carrito Vista r\u00e1pida Arreglo Lineal De Condolencias Condolencias Seleccionar opciones Este producto tiene m\u00faltiples variantes. Las opciones se pueden elegir en la p\u00e1gina de producto Vista r\u00e1pida Arreglo Escalonado De Rosa Y Cala Condolencias &#36;1.300 El precio original era: &#036;1.300.&#36;1.200El precio actual es: &#036;1.200. A\u00f1adir al carrito Vista r\u00e1pida Arreglo De Condolencias En Base De Vidrio Con Lirios Blancos Condolencias &#36;1.500 El precio original era: &#036;1.500.&#36;1.450El precio actual es: &#036;1.450. A\u00f1adir al carrito Cargar m\u00e1s (9)<\/p>\n","protected":false},"author":1,"featured_media":0,"parent":0,"menu_order":0,"comment_status":"closed","ping_status":"closed","template":"elementor_header_footer","meta":{"footnotes":""},"class_list":["post-55","page","type-page","status-publish","hentry"],"_links":{"self":[{"href":"https:\/\/italiafloristeria.com\/index.php\/wp-json\/wp\/v2\/pages\/55","targetHints":{"allow":["GET"]}}],"collection":[{"href":"https:\/\/italiafloristeria.com\/index.php\/wp-json\/wp\/v2\/pages"}],"about":[{"href":"https:\/\/italiafloristeria.com\/index.php\/wp-json\/wp\/v2\/types\/page"}],"author":[{"embeddable":true,"href":"https:\/\/italiafloristeria.com\/index.php\/wp-json\/wp\/v2\/users\/1"}],"replies":[{"embeddable":true,"href":"https:\/\/italiafloristeria.com\/index.php\/wp-json\/wp\/v2\/comments?post=55"}],"version-history":[{"count":60,"href":"https:\/\/italiafloristeria.com\/index.php\/wp-json\/wp\/v2\/pages\/55\/revisions"}],"predecessor-version":[{"id":677,"href":"https:\/\/italiafloristeria.com\/index.php\/wp-json\/wp\/v2\/pages\/55\/revisions\/677"}],"wp:attachment":[{"href":"https:\/\/italiafloristeria.com\/index.php\/wp-json\/wp\/v2\/media?parent=55"}],"curies":[{"name":"wp","href":"https:\/\/api.w.org\/{rel}","templated":true}]}}